{"id":2229,"date":"2021-12-18T21:44:07","date_gmt":"2021-12-18T19:44:07","guid":{"rendered":"https:\/\/alkomeeter.com\/toode\/nakama-prieksapmaksas-kalibresana-alkometram-ar-elektrokimisko-sensoru-kupons-derigs-kopa-ar-alkometru-parasta-cena-23-50\/"},"modified":"2021-12-18T21:44:07","modified_gmt":"2021-12-18T19:44:07","slug":"nakama-prieksapmaksas-kalibresana-alkometram-ar-elektrokimisko-sensoru-kupons-derigs-kopa-ar-alkometru-parasta-cena-23-50","status":"publish","type":"product","link":"https:\/\/alkomeeter.com\/lv\/toode\/nakama-prieksapmaksas-kalibresana-alkometram-ar-elektrokimisko-sensoru-kupons-derigs-kopa-ar-alkometru-parasta-cena-23-50\/","title":{"rendered":"N\u0101kam\u0101 priek\u0161apmaksas kalibr\u0113\u0161ana (alkometram ar elektro\u0137\u012bmisko sensoru, kupons der\u012bgs kop\u0101 ar alkometru, parast\u0101 cena 23.50)"},"content":{"rendered":"","protected":false},"excerpt":{"rendered":"","protected":false},"featured_media":0,"template":"","meta":{"_acf_changed":false,"inline_featured_image":false},"product_brand":[],"product_cat":[],"product_tag":[],"class_list":{"0":"post-2229","1":"product","2":"type-product","3":"status-publish","6":"first","7":"instock","8":"sold-individually","9":"taxable","10":"shipping-taxable","11":"purchasable","12":"product-type-simple"},"acf":[],"jetpack_sharing_enabled":true,"_links":{"self":[{"href":"https:\/\/alkomeeter.com\/lv\/wp-json\/wp\/v2\/product\/2229","targetHints":{"allow":["GET"]}}],"collection":[{"href":"https:\/\/alkomeeter.com\/lv\/wp-json\/wp\/v2\/product"}],"about":[{"href":"https:\/\/alkomeeter.com\/lv\/wp-json\/wp\/v2\/types\/product"}],"wp:attachment":[{"href":"https:\/\/alkomeeter.com\/lv\/wp-json\/wp\/v2\/media?parent=2229"}],"wp:term":[{"taxonomy":"product_brand","embeddable":true,"href":"https:\/\/alkomeeter.com\/lv\/wp-json\/wp\/v2\/product_brand?post=2229"},{"taxonomy":"product_cat","embeddable":true,"href":"https:\/\/alkomeeter.com\/lv\/wp-json\/wp\/v2\/product_cat?post=2229"},{"taxonomy":"product_tag","embeddable":true,"href":"https:\/\/alkomeeter.com\/lv\/wp-json\/wp\/v2\/product_tag?post=2229"}],"curies":[{"name":"wp","href":"https:\/\/api.w.org\/{rel}","templated":true}]}}