{"id":2223,"date":"2022-06-04T22:11:19","date_gmt":"2022-06-04T19:11:19","guid":{"rendered":"https:\/\/alkomeeter.com\/toode\/kalibresana-alkometram-ar-pusvaditaja-oksida-sensoru\/"},"modified":"2022-09-13T11:29:07","modified_gmt":"2022-09-13T08:29:07","slug":"kalibresana-alkometram-ar-pusvaditaja-oksida-sensoru","status":"publish","type":"product","link":"https:\/\/alkomeeter.com\/lv\/toode\/kalibresana-alkometram-ar-pusvaditaja-oksida-sensoru\/","title":{"rendered":"Kalibr\u0113\u0161ana alkometram ar pusvad\u012bt\u0101ja oks\u012bda sensoru"},"content":{"rendered":"<p id=\"tw-target-text\" class=\"tw-data-text tw-text-large tw-ta\" dir=\"ltr\" data-placeholder=\"Tulkojums\"><span class=\"Y2IQFc\" lang=\"lv\">Alcoscan\u00ae2500, Alcoscan\u00ae2700 un Alcoscan\u00aeSecret alkometru kalibr\u0113\u0161ana un regul\u0113\u0161ana. <\/span><\/p>\n<p class=\"tw-data-text tw-text-large tw-ta\" dir=\"ltr\" data-placeholder=\"Tulkojums\"><span class=\"Y2IQFc\" lang=\"lv\">NB! Ja ier\u012bcei b\u016bs nepiecie\u0161ams remonts, m\u0113s par to inform\u0113sim klientu atsevi\u0161\u0137i, un \u0161\u012b kupona izmaksas tiks ietur\u0113tas no remonta kop\u0113j\u0101s cenas. <\/span><\/p>\n<p class=\"tw-data-text tw-text-large tw-ta\" dir=\"ltr\" data-placeholder=\"Tulkojums\"><span class=\"Y2IQFc\" lang=\"lv\">Klienta pien\u0101kums ir pieg\u0101d\u0101t ier\u012bci vai nu Rovico biroj\u0101 (Tallin\u0101, Tartu, Rakver\u0113), vai ar\u012b nos\u016bt\u012bt mums ar Smartpost vai DPD pakom\u0101tu &#8220;Tallinn Tondi Selver&#8221; uz sa\u0146\u0113m\u0113ja t\u0101lru\u0146a numuru +372 51992725.<\/span><\/p>\n","protected":false},"excerpt":{"rendered":"<p>Alcoscan\u00ae2500, Alcoscan\u00ae2700 un Alcoscan\u00aeSecret alkometru kalibr\u0113\u0161ana un regul\u0113\u0161ana. NB! Ja ier\u012bcei b\u016bs nepiecie\u0161ams remonts, m\u0113s par to inform\u0113sim klientu atsevi\u0161\u0137i,&#8230;<\/p>\n","protected":false},"featured_media":1854,"template":"","meta":{"_acf_changed":false,"inline_featured_image":false},"product_brand":[],"product_cat":[],"product_tag":[],"class_list":{"0":"post-2223","1":"product","2":"type-product","3":"status-publish","4":"has-post-thumbnail","7":"first","8":"instock","9":"sale","10":"taxable","11":"shipping-taxable","12":"purchasable","13":"product-type-simple"},"acf":[],"jetpack_sharing_enabled":true,"_links":{"self":[{"href":"https:\/\/alkomeeter.com\/lv\/wp-json\/wp\/v2\/product\/2223","targetHints":{"allow":["GET"]}}],"collection":[{"href":"https:\/\/alkomeeter.com\/lv\/wp-json\/wp\/v2\/product"}],"about":[{"href":"https:\/\/alkomeeter.com\/lv\/wp-json\/wp\/v2\/types\/product"}],"wp:featuredmedia":[{"embeddable":true,"href":"https:\/\/alkomeeter.com\/lv\/wp-json\/wp\/v2\/media\/1854"}],"wp:attachment":[{"href":"https:\/\/alkomeeter.com\/lv\/wp-json\/wp\/v2\/media?parent=2223"}],"wp:term":[{"taxonomy":"product_brand","embeddable":true,"href":"https:\/\/alkomeeter.com\/lv\/wp-json\/wp\/v2\/product_brand?post=2223"},{"taxonomy":"product_cat","embeddable":true,"href":"https:\/\/alkomeeter.com\/lv\/wp-json\/wp\/v2\/product_cat?post=2223"},{"taxonomy":"product_tag","embeddable":true,"href":"https:\/\/alkomeeter.com\/lv\/wp-json\/wp\/v2\/product_tag?post=2223"}],"curies":[{"name":"wp","href":"https:\/\/api.w.org\/{rel}","templated":true}]}}